{"id":2325,"date":"2011-07-14T19:47:05","date_gmt":"2011-07-14T19:47:05","guid":{"rendered":"https:\/\/www.mth-partner.de\/?page_id=2325"},"modified":"2022-03-21T10:08:15","modified_gmt":"2022-03-21T10:08:15","slug":"anfahrt","status":"publish","type":"page","link":"https:\/\/www.mth-partner.de\/en\/location\/","title":{"rendered":"Location"},"content":{"rendered":"<h2><span class=\"ez-toc-section\" id=\"Ihre_Rechtsanwaltskanzlei_in_Sudstadt_Koln\"><\/span>Your law firm in S\u00fcdstadt Cologne<span class=\"ez-toc-section-end\"><\/span><\/h2>\n<p>The address of our law firm:<\/p>\n<p><strong>Sachsenring 34<\/strong><br \/>\n<strong> 50677 Cologne\/S\u00fcdstadt<\/strong><br \/>\n<strong> (Near the Ulrepforte\/Chlodwigplatz)<\/strong><\/p>\n<p>The law firm in Cologne's S\u00fcdstadt district specialises in advising on <a href=\"https:\/\/www.mth-partner.de\/en\/services\/tenancy-law\/\" target=\"_blank\" rel=\"noopener noreferrer\">Tenancy Law<\/a>, <a href=\"https:\/\/www.mth-partner.de\/en\/services\/employment-and-labour-law\/\" target=\"_blank\" rel=\"noopener noreferrer\">Employment and Labour Law<\/a>and in the <a href=\"https:\/\/www.mth-partner.de\/en\/services\/cyber-law\/\" target=\"_blank\" rel=\"noopener noreferrer\">Cyber Law<\/a>. However, we also have expertise in other areas of law. Should you require legal representation, please call us on the following telephone number: <strong>0221-80187670<\/strong> or by email: <a href=\"mailto:info@mth-partner.de\">info@mth-partner.de<\/a><\/p>\n<p><iframe style=\"border: 0;\" src=\"https:\/\/www.google.com\/maps\/embed?pb=!1m14!1m8!1m3!1d20117.267544121612!2d6.948853!3d50.930035!3m2!1i1024!2i768!4f13.1!3m3!1m2!1s0x47bf244e267d9037%3A0xf195720070852429!2sSachsenring%2034%2C%2050677%20K%C3%B6ln!5e0!3m2!1sde!2sde!4v1647007693130!5m2!1sde!2sde\" width=\"800\" height=\"450\" allowfullscreen=\"allowfullscreen\"><\/iframe><\/p>\n<h3><span class=\"ez-toc-section\" id=\"So_konnen_Sie_die_Rechtsanwaltskanzlei_in_der_Kolner_Sudstadt_erreichen\"><\/span><strong>This is how you can reach the law firm in Cologne's S\u00fcdstadt district:<\/strong><span class=\"ez-toc-section-end\"><\/span><\/h3>\n<p><strong><span style=\"text-decoration: underline;\">By car<\/span><\/strong><br \/>\nThe Cologne offices of the law firm at Sachsenring 34 can be easily reached by car.<br \/>\nThere are car parks in the immediate vicinity of the office. There are also car parks behind the office on Kart\u00e4userwall.<\/p>\n<p><strong><span style=\"text-decoration: underline;\">With the S-Bahn:<\/span><\/strong><br \/>\nAt the main station, follow the signs for U\/Dom\/City; at the exit, a staircase leads down to the underground; take underground line 16 (direction Neumarkt\/Bonn-Bad Godesberg), 6 stops to Ulrepforte stop (approx. 15 minutes).<\/p>\n<p>From there, walk to the side of the Sachsenring, where you will see a tower with a remnant of the medieval city wall.<\/p>","protected":false},"excerpt":{"rendered":"<p>Ihre Rechtsanwaltskanzlei in S\u00fcdstadt K\u00f6ln Die Adresse unserer Kanzlei: Sachsenring 34 50677 K\u00f6ln\/S\u00fcdstadt (In der N\u00e4he der Ulrepforte\/Chlodwigplatz) Die Kanzlei in der S\u00fcdstadt in K\u00f6ln ber\u00e4t schwerpunktm\u00e4\u00dfig im Mietrecht, Arbeitsrecht, sowie im Internetrecht. Es besteht aber auch Beratungskompetenz in weiteren Rechtsgebieten. Sollten Sie anwaltliche Vertretung ben\u00f6tigen, rufen Sie an unter der Telefonnummer: 0221-80187670 oder per [&hellip;]<\/p>\n","protected":false},"author":1,"featured_media":0,"parent":0,"menu_order":4,"comment_status":"open","ping_status":"open","template":"page-fullwidth.php","meta":{"footnotes":""},"class_list":["post-2325","page","type-page","status-publish","hentry"],"yoast_head":"<!-- This site is optimized with the Yoast SEO plugin v27.5 - https:\/\/yoast.com\/product\/yoast-seo-wordpress\/ -->\n<title>K\u00f6lner Rechtsanw\u00e4lte in der S\u00fcdstadt (N\u00e4he Chlodwigplatz). Anfahrt<\/title>\n<meta name=\"description\" content=\"K\u00f6lner Rechtsanw\u00e4lte in der S\u00fcdstadt (N\u00e4he Chlodwigplatz) beraten Mandanten im Mietrecht, Arbeitsrecht, Ausl\u00e4nderrecht, Wirtschaftsrecht\" \/>\n<meta name=\"robots\" content=\"index, follow, max-snippet:-1, max-image-preview:large, max-video-preview:-1\" \/>\n<link rel=\"canonical\" href=\"https:\/\/www.mth-partner.de\/en\/location\/\" \/>\n<meta property=\"og:locale\" content=\"en_GB\" \/>\n<meta property=\"og:type\" content=\"article\" \/>\n<meta property=\"og:title\" content=\"K\u00f6lner Rechtsanw\u00e4lte in der S\u00fcdstadt (N\u00e4he Chlodwigplatz). Anfahrt\" \/>\n<meta property=\"og:description\" content=\"K\u00f6lner Rechtsanw\u00e4lte in der S\u00fcdstadt (N\u00e4he Chlodwigplatz) beraten Mandanten im Mietrecht, Arbeitsrecht, Ausl\u00e4nderrecht, Wirtschaftsrecht\" \/>\n<meta property=\"og:url\" content=\"https:\/\/www.mth-partner.de\/en\/location\/\" \/>\n<meta property=\"og:site_name\" content=\"Rechtsanwaltskanzlei\u00a0Tieben\" \/>\n<meta property=\"article:publisher\" content=\"https:\/\/www.facebook.com\/profile.php?id=100054481000178\" \/>\n<meta property=\"article:modified_time\" content=\"2022-03-21T10:08:15+00:00\" \/>\n<meta name=\"twitter:card\" content=\"summary_large_image\" \/>\n<meta name=\"twitter:site\" content=\"@mth_Tieben\" \/>\n<meta name=\"twitter:label1\" content=\"Estimated reading time\" \/>\n\t<meta name=\"twitter:data1\" content=\"1 minute\" \/>\n<!-- \/ Yoast SEO plugin. -->","yoast_head_json":{"title":"Cologne lawyers in S\u00fcdstadt (near Chlodwigplatz). How to find us","description":"Cologne lawyers in S\u00fcdstadt (near Chlodwigplatz) advise clients on tenancy law, labour law, immigration law, commercial law","robots":{"index":"index","follow":"follow","max-snippet":"max-snippet:-1","max-image-preview":"max-image-preview:large","max-video-preview":"max-video-preview:-1"},"canonical":"https:\/\/www.mth-partner.de\/en\/location\/","og_locale":"en_GB","og_type":"article","og_title":"K\u00f6lner Rechtsanw\u00e4lte in der S\u00fcdstadt (N\u00e4he Chlodwigplatz). Anfahrt","og_description":"K\u00f6lner Rechtsanw\u00e4lte in der S\u00fcdstadt (N\u00e4he Chlodwigplatz) beraten Mandanten im Mietrecht, Arbeitsrecht, Ausl\u00e4nderrecht, Wirtschaftsrecht","og_url":"https:\/\/www.mth-partner.de\/en\/location\/","og_site_name":"Rechtsanwaltskanzlei\u00a0Tieben","article_publisher":"https:\/\/www.facebook.com\/profile.php?id=100054481000178","article_modified_time":"2022-03-21T10:08:15+00:00","twitter_card":"summary_large_image","twitter_site":"@mth_Tieben","twitter_misc":{"Estimated reading time":"1 minute"},"schema":{"@context":"https:\/\/schema.org","@graph":[{"@type":"Article","@id":"https:\/\/www.mth-partner.de\/anfahrt\/#article","isPartOf":{"@id":"https:\/\/www.mth-partner.de\/anfahrt\/"},"author":{"name":"admin","@id":"https:\/\/www.mth-partner.de\/#\/schema\/person\/5dc7cf455de54130946e3cac97f5dfbd"},"headline":"Anfahrt","datePublished":"2011-07-14T19:47:05+00:00","dateModified":"2022-03-21T10:08:15+00:00","mainEntityOfPage":{"@id":"https:\/\/www.mth-partner.de\/anfahrt\/"},"wordCount":180,"commentCount":0,"publisher":{"@id":"https:\/\/www.mth-partner.de\/#organization"},"inLanguage":"en-GB","potentialAction":[{"@type":"CommentAction","name":"Comment","target":["https:\/\/www.mth-partner.de\/anfahrt\/#respond"]}]},{"@type":"WebPage","@id":"https:\/\/www.mth-partner.de\/anfahrt\/","url":"https:\/\/www.mth-partner.de\/anfahrt\/","name":"Cologne lawyers in S\u00fcdstadt (near Chlodwigplatz). How to find us","isPartOf":{"@id":"https:\/\/www.mth-partner.de\/#website"},"datePublished":"2011-07-14T19:47:05+00:00","dateModified":"2022-03-21T10:08:15+00:00","description":"Cologne lawyers in S\u00fcdstadt (near Chlodwigplatz) advise clients on tenancy law, labour law, immigration law, commercial law","breadcrumb":{"@id":"https:\/\/www.mth-partner.de\/anfahrt\/#breadcrumb"},"inLanguage":"en-GB","potentialAction":[{"@type":"ReadAction","target":["https:\/\/www.mth-partner.de\/anfahrt\/"]}]},{"@type":"BreadcrumbList","@id":"https:\/\/www.mth-partner.de\/anfahrt\/#breadcrumb","itemListElement":[{"@type":"ListItem","position":1,"name":"Home","item":"https:\/\/www.mth-partner.de\/"},{"@type":"ListItem","position":2,"name":"Anfahrt"}]},{"@type":"WebSite","@id":"https:\/\/www.mth-partner.de\/#website","url":"https:\/\/www.mth-partner.de\/","name":"Law firm Tieben","description":"Lawyer Tieben \/ Law firm Cologne","publisher":{"@id":"https:\/\/www.mth-partner.de\/#organization"},"potentialAction":[{"@type":"SearchAction","target":{"@type":"EntryPoint","urlTemplate":"https:\/\/www.mth-partner.de\/?s={search_term_string}"},"query-input":{"@type":"PropertyValueSpecification","valueRequired":true,"valueName":"search_term_string"}}],"inLanguage":"en-GB"},{"@type":"Organization","@id":"https:\/\/www.mth-partner.de\/#organization","name":"Law firm Tieben","url":"https:\/\/www.mth-partner.de\/","logo":{"@type":"ImageObject","inLanguage":"en-GB","@id":"https:\/\/www.mth-partner.de\/#\/schema\/logo\/image\/","url":"https:\/\/www.mth-partner.de\/wp-content\/uploads\/logo.png","contentUrl":"https:\/\/www.mth-partner.de\/wp-content\/uploads\/logo.png","width":254,"height":52,"caption":"Rechtsanwaltskanzlei\u00a0Tieben"},"image":{"@id":"https:\/\/www.mth-partner.de\/#\/schema\/logo\/image\/"},"sameAs":["https:\/\/www.facebook.com\/profile.php?id=100054481000178","https:\/\/x.com\/mth_Tieben","https:\/\/www.linkedin.com\/in\/helmer-tieben-09570226"]},{"@type":"Person","@id":"https:\/\/www.mth-partner.de\/#\/schema\/person\/5dc7cf455de54130946e3cac97f5dfbd","name":"admin","image":{"@type":"ImageObject","inLanguage":"en-GB","@id":"https:\/\/secure.gravatar.com\/avatar\/e5cd6a082a9610122b683548f09817f169e693adf042f28428cbf76b1ca03d2c?s=96&d=mm&r=g","url":"https:\/\/secure.gravatar.com\/avatar\/e5cd6a082a9610122b683548f09817f169e693adf042f28428cbf76b1ca03d2c?s=96&d=mm&r=g","contentUrl":"https:\/\/secure.gravatar.com\/avatar\/e5cd6a082a9610122b683548f09817f169e693adf042f28428cbf76b1ca03d2c?s=96&d=mm&r=g","caption":"admin"}}]}},"_links":{"self":[{"href":"https:\/\/www.mth-partner.de\/en\/wp-json\/wp\/v2\/pages\/2325","targetHints":{"allow":["GET"]}}],"collection":[{"href":"https:\/\/www.mth-partner.de\/en\/wp-json\/wp\/v2\/pages"}],"about":[{"href":"https:\/\/www.mth-partner.de\/en\/wp-json\/wp\/v2\/types\/page"}],"author":[{"embeddable":true,"href":"https:\/\/www.mth-partner.de\/en\/wp-json\/wp\/v2\/users\/1"}],"replies":[{"embeddable":true,"href":"https:\/\/www.mth-partner.de\/en\/wp-json\/wp\/v2\/comments?post=2325"}],"version-history":[{"count":0,"href":"https:\/\/www.mth-partner.de\/en\/wp-json\/wp\/v2\/pages\/2325\/revisions"}],"wp:attachment":[{"href":"https:\/\/www.mth-partner.de\/en\/wp-json\/wp\/v2\/media?parent=2325"}],"curies":[{"name":"wp","href":"https:\/\/api.w.org\/{rel}","templated":true}]}}