{"id":487,"date":"2012-12-12T23:16:39","date_gmt":"2012-12-12T23:16:39","guid":{"rendered":"https:\/\/www.mth-partner.de\/?page_id=487"},"modified":"2026-02-27T05:56:11","modified_gmt":"2026-02-27T05:56:11","slug":"rechtsanwalt-tieben","status":"publish","type":"page","link":"https:\/\/www.mth-partner.de\/en\/team-2\/attorney-at-law-tieben\/","title":{"rendered":"Lawyer Helmer Tieben"},"content":{"rendered":"<h1><span class=\"ez-toc-section\" id=\"Rechtsanwalt_Helmer_Tieben\"><\/span>Lawyer Helmer Tieben<span class=\"ez-toc-section-end\"><\/span><\/h1>\n<p><img fetchpriority=\"high\" decoding=\"async\" src=\"https:\/\/www.mth-partner.de\/wp-content\/uploads\/rechtsanwalt-helmer-tieben-1-300x300.jpg\" alt=\"\" width=\"300\" height=\"300\" \/><\/p>\n<p>Attorney Helmer Tieben successfully completed his law degree at the University of Cologne, passing both the first and second state examinations. His admission to the bar by the Cologne Bar Association laid the foundation for his legal career.<\/p>\n<h2><span class=\"ez-toc-section\" id=\"Rechtsanwalt_Tieben\"><\/span>Lawyer Tieben<span class=\"ez-toc-section-end\"><\/span><\/h2>\n<p>Attorney Helmer Tieben advises clients comprehensively in all areas of civil and public law. Thanks to his in-depth training and many years of experience, Tieben stands for solution-orientated, efficient and practical advice. His work combines legal precision with a clear focus on the individual interests of his clients.<\/p>\n<p>Following his studies, Mr. Tieben chose to deepen his legal knowledge through international education. He completed a prestigious postgraduate program in International Tax Law at the University of Melbourne, Australia. He earned his Master of International Tax degree, gaining profound insights into complex global tax law issues.<\/p>\n<p>Since 2005, Attorney Tieben has worked as both an employed and independent lawyer in various national and international law firms, as well as in corporate settings. Through these diverse professional experiences, he has not only acquired extensive expertise but also developed the ability to competently advise and represent clients across different legal fields.<\/p>\n<p>As an experienced lawyer, Helmer Tieben supports both private individuals and companies with legal challenges. His advice is focussed on sustainable results. Thanks to digital communication channels, he can also be reached online and provides clients with fast and flexible legal support, regardless of location.<\/p>\n<p>Mr. Tieben possesses comprehensive and specialized knowledge in labor law, tenancy law, immigration law, and social law. He places great emphasis on continuously expanding his expertise and regularly participates in relevant training and continuing education courses to stay up-to-date with the latest developments in case law and legislation.<\/p>\n<p>Through his work as a Tieben lawyer in Cologne, he has built up an excellent reputation in the areas of labour law, immigration law and tenancy law. His legal work is characterised by precision and commitment. Whether it's personal advice or legal support via digital channels, Helmer Tieben is always there for his clients.<\/p>\n<p>In addition to his core competencies, Attorney Tieben has deepened his skills in internet law, copyright law, and competition law. This knowledge enables him to offer comprehensive and contemporary legal advice on the challenges of the digital age. He is particularly adept at assisting clients with increasingly important issues related to data protection and e-commerce.<\/p>\n<p>His language proficiency in German and English allows him to communicate effectively with both national and international clients and partners.<\/p>\n<p>Clients appreciate his pragmatic approach and the ability to contact an online lawyer directly via digital platforms if required. In this way, Helmer Tieben guarantees modern and efficient client support that meets the current standard of advice in the German legal system.<\/p>\n<p>Mr. Tieben is an active member of several professional associations that reflect his areas of expertise and interest, including:<\/p>\n<p>The Cologne Bar Association,<br \/>\nThe Cologne Lawyers\u2019 Association (K\u00f6lner Anwaltverein e.V.),<br \/>\nThe Working Group on Tenancy and Real Estate Law of the German Lawyers\u2019 Association, and<br \/>\nThe Working Group on Migration Law of the German Lawyers\u2019 Association.<\/p>\n<p>His involvement in these professional associations underscores his commitment to continuously expanding his knowledge and actively contributing to the development of these respective legal fields.<\/p>","protected":false},"excerpt":{"rendered":"<p>Rechtsanwalt Helmer Tieben Herr Rechtsanwalt Helmer Tieben absolvierte erfolgreich das Studium der Rechtswissenschaften an der Universit\u00e4t zu K\u00f6ln und legte sowohl das erste als auch das zweite Staatsexamen ab. Mit der Zulassung als Rechtsanwalt durch die Rechtsanwaltskammer K\u00f6ln wurde der Grundstein f\u00fcr seine anwaltliche Laufbahn gelegt. Rechtsanwalt Tieben Rechtsanwalt Helmer Tieben ber\u00e4t Mandanten umfassend in [&hellip;]<\/p>\n","protected":false},"author":1,"featured_media":0,"parent":475,"menu_order":0,"comment_status":"closed","ping_status":"closed","template":"","meta":{"footnotes":""},"class_list":["post-487","page","type-page","status-publish","hentry"],"yoast_head":"<!-- This site is optimized with the Yoast SEO plugin v27.4 - https:\/\/yoast.com\/product\/yoast-seo-wordpress\/ -->\n<title>Rechtsanwalt Helmer Tieben | Rechtsanwaltskanzlei Tieben<\/title>\n<meta name=\"description\" content=\"Helmer Tieben ist Ihr Ansprechpartner f\u00fcr kompetente und praxisnahe Rechtsberatung. Erfahren Sie mehr \u00fcber die Kanzlei Tieben und ihre T\u00e4tigkeitsschwerpunkte.\" \/>\n<meta name=\"robots\" content=\"index, follow, max-snippet:-1, max-image-preview:large, max-video-preview:-1\" \/>\n<link rel=\"canonical\" href=\"https:\/\/www.mth-partner.de\/en\/team-2\/attorney-at-law-tieben\/\" \/>\n<meta property=\"og:locale\" content=\"en_GB\" \/>\n<meta property=\"og:type\" content=\"article\" \/>\n<meta property=\"og:title\" content=\"Rechtsanwalt Helmer Tieben | Rechtsanwaltskanzlei Tieben\" \/>\n<meta property=\"og:description\" content=\"Helmer Tieben ist Ihr Ansprechpartner f\u00fcr kompetente und praxisnahe Rechtsberatung. Erfahren Sie mehr \u00fcber die Kanzlei Tieben und ihre T\u00e4tigkeitsschwerpunkte.\" \/>\n<meta property=\"og:url\" content=\"https:\/\/www.mth-partner.de\/en\/team-2\/attorney-at-law-tieben\/\" \/>\n<meta property=\"og:site_name\" content=\"Rechtsanwaltskanzlei\u00a0Tieben\" \/>\n<meta property=\"article:publisher\" content=\"https:\/\/www.facebook.com\/profile.php?id=100054481000178\" \/>\n<meta property=\"article:modified_time\" content=\"2026-02-27T05:56:11+00:00\" \/>\n<meta property=\"og:image\" content=\"https:\/\/www.mth-partner.de\/wp-content\/uploads\/rechtsanwalt-helmer-tieben-1-300x300.jpg\" \/>\n<meta name=\"twitter:card\" content=\"summary_large_image\" \/>\n<meta name=\"twitter:site\" content=\"@mth_Tieben\" \/>\n<meta name=\"twitter:label1\" content=\"Estimated reading time\" \/>\n\t<meta name=\"twitter:data1\" content=\"3 minutes\" \/>\n<!-- \/ Yoast SEO plugin. -->","yoast_head_json":{"title":"Lawyer Helmer Tieben | Law firm Tieben","description":"Helmer Tieben is your contact for competent and practical legal advice. Find out more about the Tieben law firm and its areas of specialisation.","robots":{"index":"index","follow":"follow","max-snippet":"max-snippet:-1","max-image-preview":"max-image-preview:large","max-video-preview":"max-video-preview:-1"},"canonical":"https:\/\/www.mth-partner.de\/en\/team-2\/attorney-at-law-tieben\/","og_locale":"en_GB","og_type":"article","og_title":"Rechtsanwalt Helmer Tieben | Rechtsanwaltskanzlei Tieben","og_description":"Helmer Tieben ist Ihr Ansprechpartner f\u00fcr kompetente und praxisnahe Rechtsberatung. Erfahren Sie mehr \u00fcber die Kanzlei Tieben und ihre T\u00e4tigkeitsschwerpunkte.","og_url":"https:\/\/www.mth-partner.de\/en\/team-2\/attorney-at-law-tieben\/","og_site_name":"Rechtsanwaltskanzlei\u00a0Tieben","article_publisher":"https:\/\/www.facebook.com\/profile.php?id=100054481000178","article_modified_time":"2026-02-27T05:56:11+00:00","og_image":[{"url":"https:\/\/www.mth-partner.de\/wp-content\/uploads\/rechtsanwalt-helmer-tieben-1-300x300.jpg","type":"","width":"","height":""}],"twitter_card":"summary_large_image","twitter_site":"@mth_Tieben","twitter_misc":{"Estimated reading time":"3 minutes"},"schema":{"@context":"https:\/\/schema.org","@graph":[{"@type":"Article","@id":"https:\/\/www.mth-partner.de\/team\/rechtsanwalt-tieben\/#article","isPartOf":{"@id":"https:\/\/www.mth-partner.de\/team\/rechtsanwalt-tieben\/"},"author":{"name":"admin","@id":"https:\/\/www.mth-partner.de\/#\/schema\/person\/5dc7cf455de54130946e3cac97f5dfbd"},"headline":"Rechtsanwalt Helmer Tieben","datePublished":"2012-12-12T23:16:39+00:00","dateModified":"2026-02-27T05:56:11+00:00","mainEntityOfPage":{"@id":"https:\/\/www.mth-partner.de\/team\/rechtsanwalt-tieben\/"},"wordCount":568,"publisher":{"@id":"https:\/\/www.mth-partner.de\/#organization"},"image":{"@id":"https:\/\/www.mth-partner.de\/team\/rechtsanwalt-tieben\/#primaryimage"},"thumbnailUrl":"https:\/\/www.mth-partner.de\/wp-content\/uploads\/rechtsanwalt-helmer-tieben-1-300x300.jpg","inLanguage":"en-GB"},{"@type":"WebPage","@id":"https:\/\/www.mth-partner.de\/team\/rechtsanwalt-tieben\/","url":"https:\/\/www.mth-partner.de\/team\/rechtsanwalt-tieben\/","name":"Lawyer Helmer Tieben | Law firm Tieben","isPartOf":{"@id":"https:\/\/www.mth-partner.de\/#website"},"primaryImageOfPage":{"@id":"https:\/\/www.mth-partner.de\/team\/rechtsanwalt-tieben\/#primaryimage"},"image":{"@id":"https:\/\/www.mth-partner.de\/team\/rechtsanwalt-tieben\/#primaryimage"},"thumbnailUrl":"https:\/\/www.mth-partner.de\/wp-content\/uploads\/rechtsanwalt-helmer-tieben-1-300x300.jpg","datePublished":"2012-12-12T23:16:39+00:00","dateModified":"2026-02-27T05:56:11+00:00","description":"Helmer Tieben is your contact for competent and practical legal advice. Find out more about the Tieben law firm and its areas of specialisation.","breadcrumb":{"@id":"https:\/\/www.mth-partner.de\/team\/rechtsanwalt-tieben\/#breadcrumb"},"inLanguage":"en-GB","potentialAction":[{"@type":"ReadAction","target":["https:\/\/www.mth-partner.de\/team\/rechtsanwalt-tieben\/"]}]},{"@type":"ImageObject","inLanguage":"en-GB","@id":"https:\/\/www.mth-partner.de\/team\/rechtsanwalt-tieben\/#primaryimage","url":"https:\/\/www.mth-partner.de\/wp-content\/uploads\/rechtsanwalt-helmer-tieben-1-300x300.jpg","contentUrl":"https:\/\/www.mth-partner.de\/wp-content\/uploads\/rechtsanwalt-helmer-tieben-1-300x300.jpg"},{"@type":"BreadcrumbList","@id":"https:\/\/www.mth-partner.de\/team\/rechtsanwalt-tieben\/#breadcrumb","itemListElement":[{"@type":"ListItem","position":1,"name":"Home","item":"https:\/\/www.mth-partner.de\/"},{"@type":"ListItem","position":2,"name":"Profil","item":"https:\/\/www.mth-partner.de\/team\/"},{"@type":"ListItem","position":3,"name":"Rechtsanwalt Helmer Tieben"}]},{"@type":"WebSite","@id":"https:\/\/www.mth-partner.de\/#website","url":"https:\/\/www.mth-partner.de\/","name":"Law firm Tieben","description":"Lawyer Tieben \/ Law firm Cologne","publisher":{"@id":"https:\/\/www.mth-partner.de\/#organization"},"potentialAction":[{"@type":"SearchAction","target":{"@type":"EntryPoint","urlTemplate":"https:\/\/www.mth-partner.de\/?s={search_term_string}"},"query-input":{"@type":"PropertyValueSpecification","valueRequired":true,"valueName":"search_term_string"}}],"inLanguage":"en-GB"},{"@type":"Organization","@id":"https:\/\/www.mth-partner.de\/#organization","name":"Law firm Tieben","url":"https:\/\/www.mth-partner.de\/","logo":{"@type":"ImageObject","inLanguage":"en-GB","@id":"https:\/\/www.mth-partner.de\/#\/schema\/logo\/image\/","url":"https:\/\/www.mth-partner.de\/wp-content\/uploads\/logo.png","contentUrl":"https:\/\/www.mth-partner.de\/wp-content\/uploads\/logo.png","width":254,"height":52,"caption":"Rechtsanwaltskanzlei\u00a0Tieben"},"image":{"@id":"https:\/\/www.mth-partner.de\/#\/schema\/logo\/image\/"},"sameAs":["https:\/\/www.facebook.com\/profile.php?id=100054481000178","https:\/\/x.com\/mth_Tieben","https:\/\/www.linkedin.com\/in\/helmer-tieben-09570226"]},{"@type":"Person","@id":"https:\/\/www.mth-partner.de\/#\/schema\/person\/5dc7cf455de54130946e3cac97f5dfbd","name":"admin","image":{"@type":"ImageObject","inLanguage":"en-GB","@id":"https:\/\/secure.gravatar.com\/avatar\/e5cd6a082a9610122b683548f09817f169e693adf042f28428cbf76b1ca03d2c?s=96&d=mm&r=g","url":"https:\/\/secure.gravatar.com\/avatar\/e5cd6a082a9610122b683548f09817f169e693adf042f28428cbf76b1ca03d2c?s=96&d=mm&r=g","contentUrl":"https:\/\/secure.gravatar.com\/avatar\/e5cd6a082a9610122b683548f09817f169e693adf042f28428cbf76b1ca03d2c?s=96&d=mm&r=g","caption":"admin"}}]}},"_links":{"self":[{"href":"https:\/\/www.mth-partner.de\/en\/wp-json\/wp\/v2\/pages\/487","targetHints":{"allow":["GET"]}}],"collection":[{"href":"https:\/\/www.mth-partner.de\/en\/wp-json\/wp\/v2\/pages"}],"about":[{"href":"https:\/\/www.mth-partner.de\/en\/wp-json\/wp\/v2\/types\/page"}],"author":[{"embeddable":true,"href":"https:\/\/www.mth-partner.de\/en\/wp-json\/wp\/v2\/users\/1"}],"replies":[{"embeddable":true,"href":"https:\/\/www.mth-partner.de\/en\/wp-json\/wp\/v2\/comments?post=487"}],"version-history":[{"count":36,"href":"https:\/\/www.mth-partner.de\/en\/wp-json\/wp\/v2\/pages\/487\/revisions"}],"predecessor-version":[{"id":13188,"href":"https:\/\/www.mth-partner.de\/en\/wp-json\/wp\/v2\/pages\/487\/revisions\/13188"}],"up":[{"embeddable":true,"href":"https:\/\/www.mth-partner.de\/en\/wp-json\/wp\/v2\/pages\/475"}],"wp:attachment":[{"href":"https:\/\/www.mth-partner.de\/en\/wp-json\/wp\/v2\/media?parent=487"}],"curies":[{"name":"wp","href":"https:\/\/api.w.org\/{rel}","templated":true}]}}