{"id":531,"date":"2012-12-13T12:43:10","date_gmt":"2012-12-13T12:43:10","guid":{"rendered":"https:\/\/www.mth-partner.de\/?page_id=531"},"modified":"2025-11-14T10:03:38","modified_gmt":"2025-11-14T10:03:38","slug":"impressum","status":"publish","type":"page","link":"https:\/\/www.mth-partner.de\/en\/contact\/imprint\/","title":{"rendered":"Imprint"},"content":{"rendered":"<h1><span class=\"ez-toc-section\" id=\"Impressum\"><\/span>Imprint<span class=\"ez-toc-section-end\"><\/span><\/h1>\n<p><b>Information according to \u00a7\u00a7 5, 6 DDG:<\/b><\/p>\n<p>Lawyer Helmer Tieben<br \/>\nSachsenring 34<br \/>\n50677 Cologne<br \/>\n<b><\/b><\/p>\n<p><b>Represented by:<\/b><br \/>\nLawyer Helmer Tieben MIntTax (University of Melbourne)<br \/>\n<b><\/b><\/p>\n<p><b>Contact:<\/b><br \/>\nTelephone: <a href=\"tel:022180187670\">0221 - 80187670<\/a><br \/>\nTelefax: <a href=\"tel:02212717110\">0221 - 2717110<\/a><br \/>\nE-Mail: <a href=\"mailto:info@mth-partner.de\">info@mth-partner.de<\/a><\/p>\n<p><strong>Responsible liability insurance:<\/strong><\/p>\n<p>Attorney Helmer Tieben maintains his pecuniary loss liability insurance with<br \/>\nHDI Insurance, Charles-de-Gaulle-Platz 1, 50679 Cologne<br \/>\nTerritorial scope of the insurance: Federal Republic of Germany and all member states of the European Union<br \/>\nThe insurance covers liability claims arising from activities<br \/>\na) in connection with counselling and dealing with European law;<br \/>\nb) of the lawyer before European courts.<br \/>\n3. worldwide in the amount of the legally prescribed minimum sum insured pursuant to \u00a7\u00a7 51, 59o BRAO for liability claims arising from claims asserted against the policyholder before non-European courts.<br \/>\n4 The insurance cover does not apply to liability claims arising from activities via law firms or offices established or maintained abroad.<br \/>\n<b><\/b><\/p>\n<p><b>Sales tax ID:<\/b><br \/>\nSales tax identification number according to \u00a727 a sales tax law:<br \/>\nDE351339800<br \/>\n<b><\/b><\/p>\n<p><b>Supervisory authority:<\/b><br \/>\nProfessional title: Lawyer<br \/>\nCompetent chamber: Cologne Bar Association<br \/>\nAddress of the chamber: Riehler Str. 30 50668 Cologne<br \/>\nAwarded by: Federal Republic of Germany<\/p>\n<p><strong>The following professional regulations apply:<\/strong><br \/>\n\u25aa Federal Lawyers' Act (BRAO)<br \/>\nLawyers' Fees Act (RVG)<\/p>\n<p align=\"left\">\u25aa Professional Code of Conduct for Lawyers (BORA)<\/p>\n<p align=\"left\">Specialist lawyer regulations (FAO)<\/p>\n<p align=\"left\">\u25aa Act on the Activities of European Lawyers in Germany (EuRAG)<\/p>\n<p align=\"left\">\u25aa Code of Conduct for Lawyers in the European Union (CCBE)<\/p>\n<p>Regulations can be viewed at: <a title=\"http:\/\/www.brak.de\" href=\"http:\/\/www.brak.de\" target=\"_blank\" rel=\"noopener noreferrer\">http:\/\/www.brak.de<\/a> resp. <a href=\"http:\/\/www.anwaltverein.de\/praxis\/berufsrecht\" target=\"_blank\" rel=\"noopener noreferrer\">http:\/\/www.anwaltverein.de<\/a><br \/>\n<b><\/b><\/p>\n<p><b>Out-of-court dispute resolution<\/b><br \/>\nIn the event of disputes between lawyers and their clients, there is the possibility of out-of-court dispute resolution upon request at the regional bar association in Cologne (pursuant to \u00a7 73 para. 2 no. 3 in conjunction with \u00a7 73 para. 5 BRAO) or at the arbitration board of the legal profession (\u00a7 191f BRAO) at the Federal Bar Association, which can be found on the Internet via the homepage of the Federal Bar Association (www.brak.de), e-mail: schlichtungsstelle@brak.de.<br \/>\n<b><\/b><\/p>\n<p><b>Responsible for the content according to \u00a7 18 MStV:<\/b><br \/>\nLawyer Helmer Tieben MIntTax (University of Melbourne)<br \/>\nSachsenring 34<br \/>\n50677 Cologne<br \/>\nTelephone: <a href=\"tel:022180187670\">0221 - 80187670<\/a><br \/>\nTelefax: <a href=\"tel:02212717110\">0221 - 2717110<\/a><br \/>\nE-Mail: <a href=\"mailto:info@mth-partner.de\">info@mth-partner.de<\/a><br \/>\n<b><\/b><\/p>\n<p><b>Sources for the images and graphics used:<\/b><br \/>\n<a title=\"http:\/\/de.123rf.com\/photo_4705245_challenge.html&lt;br \/&gt;&lt;br \/&gt;&lt;br \/&gt;&lt;br \/&gt;&lt;br \/&gt;&lt;br \/&gt;&lt;br \/&gt;&lt;br \/&gt;&lt;br \/&gt;&lt;br \/&gt;&lt;br \/&gt; \" href=\"http:\/\/de.123rf.com\/photo_4705245_challenge.html\" target=\"_blank\" rel=\"noopener noreferrer\">http:\/\/de.123rf.com\/photo_4705245_challenge.html <\/a><br \/>\nPhotographer: Pixelbliss<br \/>\n<a title=\"http:\/\/de.123rf.com\/photo_12721195_geschaftsmann-macht-eine-handschrift-auf-dem-buch-im-studio-gedreht.html&lt;br \/&gt;&lt;br \/&gt;&lt;br \/&gt;&lt;br \/&gt;&lt;br \/&gt;&lt;br \/&gt;&lt;br \/&gt;&lt;br \/&gt;&lt;br \/&gt;&lt;br \/&gt;&lt;br \/&gt; \" href=\"http:\/\/de.123rf.com\/photo_12721195_geschaftsmann-macht-eine-handschrift-auf-dem-buch-im-studio-gedreht.html\" target=\"_blank\" rel=\"noopener noreferrer\">http:\/\/de.123rf.com\/photo_12721195_geschaftsmann-macht-eine-handschrift-auf-dem-buch-im-studio-gedreht.html <\/a><br \/>\nPhotographer: Paulus Rusyanto<br \/>\nThis legal notice also applies to the Facebook page: http:\/\/www.facebook.com\/pages\/mth-Tieben-Partner\/222100957848476<br \/>\n<b><\/b><\/p>\n<p><b>Disclaimer:<\/b><br \/>\n<b>Liability for content<\/b><br \/>\nThe contents of our pages have been created with the greatest care. However, we cannot assume any liability for the accuracy, completeness and topicality of the content. As a service provider, we are responsible for our own content on these pages in accordance with \u00a7 7 para. 1 TMG (German Telemedia Act) and general laws. According to \u00a7\u00a7 8 to 10 TMG, however, we as a service provider are not obliged to monitor transmitted or stored third-party information or to investigate circumstances that indicate illegal activity. Obligations to remove or block the use of information in accordance with general legislation remain unaffected by this. However, liability in this respect is only possible from the time of knowledge of a specific infringement. As soon as we become aware of such infringements, we will remove this content immediately.<br \/>\n<b>Liability for links<\/b><br \/>\nOur website contains links to external third-party websites over whose content we have no influence. Therefore, we cannot accept any liability for this third-party content. The respective provider or operator of the pages is always responsible for the content of the linked pages. The linked pages were checked for possible legal violations at the time of linking. Illegal contents were not recognisable at the time of linking. However, permanent monitoring of the content of the linked pages is not reasonable without concrete evidence of an infringement. If we become aware of any legal infringements, we will remove such links immediately.<\/p>\n<p>Web design and programming: <a target=\"_blank\" rel=\"noopener noreferrer\">Vitaliy Malykin<\/a> \/ <a href=\"https:\/\/www.design4u.org\/webkonzepte\/\" target=\"_blank\" rel=\"nofollow noopener\">Cologne web design agency Design4u<\/a> \u2665 <a href=\"https:\/\/www.design4u.org\/wordpress-agentur-koeln-webdesign-seo-wordpress\/\" rel=\"nofollow\">WordPress<\/a><\/p>\n<h3 style=\"text-align: left;\"><span class=\"ez-toc-section\" id=\"So_sieht_der_Ablauf_bei_uns_aus\"><\/span>This is what the process looks like for us<span class=\"ez-toc-section-end\"><\/span><\/h3>\n<h2><span class=\"ez-toc-section\" id=\"01\"><\/span>01<span class=\"ez-toc-section-end\"><\/span><\/h2>\n<h5><span class=\"ez-toc-section\" id=\"Kontaktaufnahme\"><\/span>Contact us<span class=\"ez-toc-section-end\"><\/span><\/h5>\n<p>You can call me on <a href=\"tel:tel:+4922180187670\"> 0221 - 80187670 <\/a> and describe your legal problem<\/p>\n<h2><span class=\"ez-toc-section\" id=\"02\"><\/span>02<span class=\"ez-toc-section-end\"><\/span><\/h2>\n<h5><span class=\"ez-toc-section\" id=\"Erstgesprach\"><\/span>Initial consultation<span class=\"ez-toc-section-end\"><\/span><\/h5>\n<p>We will discuss your problem in an initial telephone consultation and, depending on the initial assessment, further steps will follow<\/p>\n<h2><span class=\"ez-toc-section\" id=\"03\"><\/span>03<span class=\"ez-toc-section-end\"><\/span><\/h2>\n<h5><span class=\"ez-toc-section\" id=\"Erstberatung_Treffen\"><\/span>Initial consultation \/ meeting<span class=\"ez-toc-section-end\"><\/span><\/h5>\n<p>Once an appointment has been made, a meeting will take place at the law firm in order to conduct the necessary further discussions or a consultation<\/p>\n<h2><span class=\"ez-toc-section\" id=\"04\"><\/span>04<span class=\"ez-toc-section-end\"><\/span><\/h2>\n<h5><span class=\"ez-toc-section\" id=\"Ergebnisse\"><\/span>Results<span class=\"ez-toc-section-end\"><\/span><\/h5>\n<p>Legal representation is carried out in close consultation with you in order to achieve the best possible result for you<\/p>\n<div id=\"gtx-trans\" style=\"position: absolute; left: 45px; top: 61.9062px;\">\n<div class=\"gtx-trans-icon\"><\/div>\n<\/div>","protected":false},"excerpt":{"rendered":"<p>Impressum Angaben gem\u00e4\u00df \u00a7\u00a7 5, 6 DDG: Rechtsanwalt Helmer Tieben Sachsenring 34 50677 K\u00f6ln Vertreten durch: Rechtsanwalt Helmer Tieben MIntTax (University of Melbourne) Kontakt: Telefon: 0221 &#8211; 80187670 Telefax: 0221 &#8211; 2717110 E-Mail: info@mth-partner.de Zust\u00e4ndige Haftpflichtversicherung: Rechtsanwalt Helmer Tieben f\u00fchrt seine Verm\u00f6gensschadenhaftpflichtversicherung bei der HDI Versicherung, Charles-de-Gaulle-Platz 1, 50679 K\u00f6ln R\u00e4umlicher Geltungsbereich der Versicherung: Bundesrepublik [&hellip;]<\/p>\n","protected":false},"author":1,"featured_media":0,"parent":169,"menu_order":0,"comment_status":"closed","ping_status":"open","template":"elementor_header_footer","meta":{"footnotes":""},"class_list":["post-531","page","type-page","status-publish","hentry"],"yoast_head":"<!-- This site is optimized with the Yoast SEO plugin v27.5 - https:\/\/yoast.com\/product\/yoast-seo-wordpress\/ -->\n<title>Impressum | Rechtsanwalt Tieben<\/title>\n<meta name=\"description\" content=\"Angaben gem\u00e4\u00df \u00a7 5 TMG: Hier finden Sie die rechtlichen Informationen zu Rechtsanwalt Helmer Tieben\" \/>\n<meta name=\"robots\" content=\"index, follow, max-snippet:-1, max-image-preview:large, max-video-preview:-1\" \/>\n<link rel=\"canonical\" href=\"https:\/\/www.mth-partner.de\/en\/contact\/imprint\/\" \/>\n<meta property=\"og:locale\" content=\"en_GB\" \/>\n<meta property=\"og:type\" content=\"article\" \/>\n<meta property=\"og:title\" content=\"Impressum | Rechtsanwalt Tieben\" \/>\n<meta property=\"og:description\" content=\"Angaben gem\u00e4\u00df \u00a7 5 TMG: Hier finden Sie die rechtlichen Informationen zu Rechtsanwalt Helmer Tieben\" \/>\n<meta property=\"og:url\" content=\"https:\/\/www.mth-partner.de\/en\/contact\/imprint\/\" \/>\n<meta property=\"og:site_name\" content=\"Rechtsanwaltskanzlei\u00a0Tieben\" \/>\n<meta property=\"article:publisher\" content=\"https:\/\/www.facebook.com\/profile.php?id=100054481000178\" \/>\n<meta property=\"article:modified_time\" content=\"2025-11-14T10:03:38+00:00\" \/>\n<meta name=\"twitter:card\" content=\"summary_large_image\" \/>\n<meta name=\"twitter:site\" content=\"@mth_Tieben\" \/>\n<meta name=\"twitter:label1\" content=\"Estimated reading time\" \/>\n\t<meta name=\"twitter:data1\" content=\"3 minutes\" \/>\n<!-- \/ Yoast SEO plugin. -->","yoast_head_json":{"title":"Imprint | Lawyer Tieben","description":"Information according to \u00a7 5 TMG: Here you will find the legal information about lawyer Helmer Tieben","robots":{"index":"index","follow":"follow","max-snippet":"max-snippet:-1","max-image-preview":"max-image-preview:large","max-video-preview":"max-video-preview:-1"},"canonical":"https:\/\/www.mth-partner.de\/en\/contact\/imprint\/","og_locale":"en_GB","og_type":"article","og_title":"Impressum | Rechtsanwalt Tieben","og_description":"Angaben gem\u00e4\u00df \u00a7 5 TMG: Hier finden Sie die rechtlichen Informationen zu Rechtsanwalt Helmer Tieben","og_url":"https:\/\/www.mth-partner.de\/en\/contact\/imprint\/","og_site_name":"Rechtsanwaltskanzlei\u00a0Tieben","article_publisher":"https:\/\/www.facebook.com\/profile.php?id=100054481000178","article_modified_time":"2025-11-14T10:03:38+00:00","twitter_card":"summary_large_image","twitter_site":"@mth_Tieben","twitter_misc":{"Estimated reading time":"3 minutes"},"schema":{"@context":"https:\/\/schema.org","@graph":[{"@type":"Article","@id":"https:\/\/www.mth-partner.de\/kontakt\/impressum\/#article","isPartOf":{"@id":"https:\/\/www.mth-partner.de\/kontakt\/impressum\/"},"author":{"name":"admin","@id":"https:\/\/www.mth-partner.de\/#\/schema\/person\/5dc7cf455de54130946e3cac97f5dfbd"},"headline":"Impressum","datePublished":"2012-12-13T12:43:10+00:00","dateModified":"2025-11-14T10:03:38+00:00","mainEntityOfPage":{"@id":"https:\/\/www.mth-partner.de\/kontakt\/impressum\/"},"wordCount":658,"publisher":{"@id":"https:\/\/www.mth-partner.de\/#organization"},"inLanguage":"en-GB"},{"@type":"WebPage","@id":"https:\/\/www.mth-partner.de\/kontakt\/impressum\/","url":"https:\/\/www.mth-partner.de\/kontakt\/impressum\/","name":"Imprint | Lawyer Tieben","isPartOf":{"@id":"https:\/\/www.mth-partner.de\/#website"},"datePublished":"2012-12-13T12:43:10+00:00","dateModified":"2025-11-14T10:03:38+00:00","description":"Information according to \u00a7 5 TMG: Here you will find the legal information about lawyer Helmer Tieben","breadcrumb":{"@id":"https:\/\/www.mth-partner.de\/kontakt\/impressum\/#breadcrumb"},"inLanguage":"en-GB","potentialAction":[{"@type":"ReadAction","target":["https:\/\/www.mth-partner.de\/kontakt\/impressum\/"]}]},{"@type":"BreadcrumbList","@id":"https:\/\/www.mth-partner.de\/kontakt\/impressum\/#breadcrumb","itemListElement":[{"@type":"ListItem","position":1,"name":"Home","item":"https:\/\/www.mth-partner.de\/"},{"@type":"ListItem","position":2,"name":"Kontakt","item":"https:\/\/www.mth-partner.de\/kontakt\/"},{"@type":"ListItem","position":3,"name":"Impressum"}]},{"@type":"WebSite","@id":"https:\/\/www.mth-partner.de\/#website","url":"https:\/\/www.mth-partner.de\/","name":"Law firm Tieben","description":"Lawyer Tieben \/ Law firm Cologne","publisher":{"@id":"https:\/\/www.mth-partner.de\/#organization"},"potentialAction":[{"@type":"SearchAction","target":{"@type":"EntryPoint","urlTemplate":"https:\/\/www.mth-partner.de\/?s={search_term_string}"},"query-input":{"@type":"PropertyValueSpecification","valueRequired":true,"valueName":"search_term_string"}}],"inLanguage":"en-GB"},{"@type":"Organization","@id":"https:\/\/www.mth-partner.de\/#organization","name":"Law firm Tieben","url":"https:\/\/www.mth-partner.de\/","logo":{"@type":"ImageObject","inLanguage":"en-GB","@id":"https:\/\/www.mth-partner.de\/#\/schema\/logo\/image\/","url":"https:\/\/www.mth-partner.de\/wp-content\/uploads\/logo.png","contentUrl":"https:\/\/www.mth-partner.de\/wp-content\/uploads\/logo.png","width":254,"height":52,"caption":"Rechtsanwaltskanzlei\u00a0Tieben"},"image":{"@id":"https:\/\/www.mth-partner.de\/#\/schema\/logo\/image\/"},"sameAs":["https:\/\/www.facebook.com\/profile.php?id=100054481000178","https:\/\/x.com\/mth_Tieben","https:\/\/www.linkedin.com\/in\/helmer-tieben-09570226"]},{"@type":"Person","@id":"https:\/\/www.mth-partner.de\/#\/schema\/person\/5dc7cf455de54130946e3cac97f5dfbd","name":"admin","image":{"@type":"ImageObject","inLanguage":"en-GB","@id":"https:\/\/secure.gravatar.com\/avatar\/e5cd6a082a9610122b683548f09817f169e693adf042f28428cbf76b1ca03d2c?s=96&d=mm&r=g","url":"https:\/\/secure.gravatar.com\/avatar\/e5cd6a082a9610122b683548f09817f169e693adf042f28428cbf76b1ca03d2c?s=96&d=mm&r=g","contentUrl":"https:\/\/secure.gravatar.com\/avatar\/e5cd6a082a9610122b683548f09817f169e693adf042f28428cbf76b1ca03d2c?s=96&d=mm&r=g","caption":"admin"}}]}},"_links":{"self":[{"href":"https:\/\/www.mth-partner.de\/en\/wp-json\/wp\/v2\/pages\/531","targetHints":{"allow":["GET"]}}],"collection":[{"href":"https:\/\/www.mth-partner.de\/en\/wp-json\/wp\/v2\/pages"}],"about":[{"href":"https:\/\/www.mth-partner.de\/en\/wp-json\/wp\/v2\/types\/page"}],"author":[{"embeddable":true,"href":"https:\/\/www.mth-partner.de\/en\/wp-json\/wp\/v2\/users\/1"}],"replies":[{"embeddable":true,"href":"https:\/\/www.mth-partner.de\/en\/wp-json\/wp\/v2\/comments?post=531"}],"version-history":[{"count":27,"href":"https:\/\/www.mth-partner.de\/en\/wp-json\/wp\/v2\/pages\/531\/revisions"}],"predecessor-version":[{"id":12416,"href":"https:\/\/www.mth-partner.de\/en\/wp-json\/wp\/v2\/pages\/531\/revisions\/12416"}],"up":[{"embeddable":true,"href":"https:\/\/www.mth-partner.de\/en\/wp-json\/wp\/v2\/pages\/169"}],"wp:attachment":[{"href":"https:\/\/www.mth-partner.de\/en\/wp-json\/wp\/v2\/media?parent=531"}],"curies":[{"name":"wp","href":"https:\/\/api.w.org\/{rel}","templated":true}]}}